{"id":1619,"date":"2021-01-20T10:10:15","date_gmt":"2021-01-20T10:10:15","guid":{"rendered":"https:\/\/orthoin3d.com\/privacy-policy\/"},"modified":"2021-02-26T14:31:00","modified_gmt":"2021-02-26T14:31:00","slug":"privacy-policy","status":"publish","type":"page","link":"https:\/\/orthoin3d.com\/en\/privacy-policy\/","title":{"rendered":"Mentions l\u00e9gales"},"content":{"rendered":"<p style=\"text-align: center;\"><strong>Mentions l\u00e9gales<\/strong><\/p>\n<p style=\"text-align: center;\">La consultation de ce site internet suppose l\u2019acceptation pleine et sans r\u00e9serves des mentions suivantes.<\/p>\n<p style=\"text-align: center;\"><strong>Propri\u00e9t\u00e9 du site<\/strong><\/p>\n<p style=\"text-align: center;\">Le site\u00a0<a href=\"https:\/\/centre-sommeil-respire.fr\/\">https:\/\/orthoin3d.com\/<\/a>\u00a0est la propri\u00e9t\u00e9 de la SELARL <span class=\"style-word\">ORTHO<em>iN<\/em><strong>3D<\/strong><\/span>.<\/p>\n<p style=\"text-align: center;\"><strong>Si\u00e8ge social<\/strong><\/p>\n<p style=\"text-align: center;\">10, rue Rosa Bonheur<br \/>\n75015 Paris<br \/>\nSiret : 82467228100022<\/p>\n<p style=\"text-align: center;\"><strong>D\u00e9veloppement du site<\/strong><\/p>\n<p style=\"text-align: center;\">Le site\u00a0<a href=\"https:\/\/centre-sommeil-respire.fr\/\">https:\/\/orthoin3d.com\/\u00a0<\/a>est d\u00e9velopp\u00e9 et maintenu par la soci\u00e9t\u00e9\u00a0<strong>Mediweb<\/strong>.<\/p>\n<p style=\"text-align: center;\"><strong>H\u00e9bergement du site<\/strong><\/p>\n<p style=\"text-align: center;\">Le site\u00a0https:\/\/orthoin3d.com\/\u00a0est h\u00e9berg\u00e9 par la soci\u00e9t\u00e9 :<\/p>\n<p style=\"text-align: center;\">OVH SAS<br \/>\n2 rue Kellermann<br \/>\n59100 Roubaix<\/p>\n<p style=\"text-align: center;\"><strong>\u00c9diteur du site<\/strong><\/p>\n<p style=\"text-align: center;\">Le contenu du site\u00a0<a href=\"https:\/\/centre-sommeil-respire.fr\/\">https:\/\/orthoin3d.com\/\u00a0<\/a>est \u00e9dit\u00e9 par le M. Brice SAVARD.<\/p>\n<p style=\"text-align: center;\"><strong>Propri\u00e9t\u00e9 intellectuelle<\/strong><\/p>\n<p style=\"text-align: center;\">La SELARL <span class=\"style-word\">ORTHO<em>iN<\/em><strong>3D<\/strong><\/span> est propri\u00e9taire de la structure et de tous les contenus disponibles du site\u00a0<a href=\"https:\/\/centre-sommeil-respire.fr\/\">https:\/\/orthoin3d.com\/\u00a0<\/a>: textes, images, illustrations, logos, fichiers et bases de donn\u00e9es. Toute reproduction ou distribution, totale ou partielle, sans autorisation pr\u00e9alable est strictement interdite.<\/p>\n","protected":false},"excerpt":{"rendered":"<p>Mentions l\u00e9gales La consultation de ce site internet suppose l\u2019acceptation pleine et sans r\u00e9serves des mentions suivantes. Propri\u00e9t\u00e9 du site Le site\u00a0https:\/\/orthoin3d.com\/\u00a0est la propri\u00e9t\u00e9 de la SELARL . Si\u00e8ge social 10, rue Rosa Bonheur 75015 Paris Siret : 82467228100022 D\u00e9veloppement du site Le site\u00a0https:\/\/orthoin3d.com\/\u00a0est d\u00e9velopp\u00e9 et maintenu par la soci\u00e9t\u00e9\u00a0Mediweb. H\u00e9bergement du site Le site\u00a0https:\/\/orthoin3d.com\/\u00a0est [&hellip;]<\/p>\n","protected":false},"author":1,"featured_media":0,"parent":0,"menu_order":0,"comment_status":"closed","ping_status":"closed","template":"","meta":{"_acf_changed":false,"footnotes":""},"class_list":["post-1619","page","type-page","status-publish","hentry"],"acf":[],"yoast_head":"\n<title>Mentions l\u00e9gales | ORTHOiN3D | Future of Orthodontics<\/title>\n<meta name=\"description\" content=\"iNLASE | iNPLAN | iNPROCESS | Devenez ind\u00e9pendants dans la conception et la fabrication de vos aligneurs orthodontiques\" \/>\n<meta name=\"robots\" content=\"index, follow, max-snippet:-1, max-image-preview:large, max-video-preview:-1\" \/>\n<link rel=\"canonical\" href=\"https:\/\/orthoin3d.com\/en\/privacy-policy\/\" \/>\n<meta property=\"og:locale\" content=\"en_US\" \/>\n<meta property=\"og:type\" content=\"article\" \/>\n<meta property=\"og:title\" content=\"Mentions l\u00e9gales | ORTHOiN3D | Future of Orthodontics\" \/>\n<meta property=\"og:description\" content=\"iNLASE | iNPLAN | iNPROCESS | Devenez ind\u00e9pendants dans la conception et la fabrication de vos aligneurs orthodontiques\" \/>\n<meta property=\"og:url\" content=\"https:\/\/orthoin3d.com\/en\/privacy-policy\/\" \/>\n<meta property=\"og:site_name\" content=\"Orthoin\" \/>\n<meta property=\"article:modified_time\" content=\"2021-02-26T14:31:00+00:00\" \/>\n<meta name=\"twitter:card\" content=\"summary_large_image\" \/>\n<meta name=\"twitter:label1\" content=\"Est. reading time\" \/>\n\t<meta name=\"twitter:data1\" content=\"1 minute\" \/>\n<script type=\"application\/ld+json\" class=\"yoast-schema-graph\">{\"@context\":\"https:\/\/schema.org\",\"@graph\":[{\"@type\":\"WebPage\",\"@id\":\"https:\/\/orthoin3d.com\/en\/privacy-policy\/\",\"url\":\"https:\/\/orthoin3d.com\/en\/privacy-policy\/\",\"name\":\"Mentions l\u00e9gales | ORTHOiN3D | Future of Orthodontics\",\"isPartOf\":{\"@id\":\"https:\/\/orthoin3d.com\/#website\"},\"datePublished\":\"2021-01-20T10:10:15+00:00\",\"dateModified\":\"2021-02-26T14:31:00+00:00\",\"description\":\"iNLASE | iNPLAN | iNPROCESS | Devenez ind\u00e9pendants dans la conception et la fabrication de vos aligneurs orthodontiques\",\"breadcrumb\":{\"@id\":\"https:\/\/orthoin3d.com\/en\/privacy-policy\/#breadcrumb\"},\"inLanguage\":\"en-US\",\"potentialAction\":[{\"@type\":\"ReadAction\",\"target\":[\"https:\/\/orthoin3d.com\/en\/privacy-policy\/\"]}]},{\"@type\":\"BreadcrumbList\",\"@id\":\"https:\/\/orthoin3d.com\/en\/privacy-policy\/#breadcrumb\",\"itemListElement\":[{\"@type\":\"ListItem\",\"position\":1,\"name\":\"Accueil\",\"item\":\"https:\/\/orthoin3d.com\/en\/\"},{\"@type\":\"ListItem\",\"position\":2,\"name\":\"Mentions l\u00e9gales\"}]},{\"@type\":\"WebSite\",\"@id\":\"https:\/\/orthoin3d.com\/#website\",\"url\":\"https:\/\/orthoin3d.com\/\",\"name\":\"Orthoin\",\"description\":\"Just another WordPress site\",\"publisher\":{\"@id\":\"https:\/\/orthoin3d.com\/#organization\"},\"potentialAction\":[{\"@type\":\"SearchAction\",\"target\":{\"@type\":\"EntryPoint\",\"urlTemplate\":\"https:\/\/orthoin3d.com\/?s={search_term_string}\"},\"query-input\":\"required name=search_term_string\"}],\"inLanguage\":\"en-US\"},{\"@type\":\"Organization\",\"@id\":\"https:\/\/orthoin3d.com\/#organization\",\"name\":\"ORTHOiN3D | Future of Orthodontics | In-Office Aligners\",\"url\":\"https:\/\/orthoin3d.com\/\",\"logo\":{\"@type\":\"ImageObject\",\"inLanguage\":\"en-US\",\"@id\":\"https:\/\/orthoin3d.com\/#\/schema\/logo\/image\/\",\"url\":\"\",\"contentUrl\":\"\",\"caption\":\"ORTHOiN3D | Future of Orthodontics | In-Office Aligners\"},\"image\":{\"@id\":\"https:\/\/orthoin3d.com\/#\/schema\/logo\/image\/\"}}]}<\/script>\n","yoast_head_json":{"title":"Mentions l\u00e9gales | ORTHOiN3D | Future of Orthodontics","description":"iNLASE | iNPLAN | iNPROCESS | Devenez ind\u00e9pendants dans la conception et la fabrication de vos aligneurs orthodontiques","robots":{"index":"index","follow":"follow","max-snippet":"max-snippet:-1","max-image-preview":"max-image-preview:large","max-video-preview":"max-video-preview:-1"},"canonical":"https:\/\/orthoin3d.com\/en\/privacy-policy\/","og_locale":"en_US","og_type":"article","og_title":"Mentions l\u00e9gales | ORTHOiN3D | Future of Orthodontics","og_description":"iNLASE | iNPLAN | iNPROCESS | Devenez ind\u00e9pendants dans la conception et la fabrication de vos aligneurs orthodontiques","og_url":"https:\/\/orthoin3d.com\/en\/privacy-policy\/","og_site_name":"Orthoin","article_modified_time":"2021-02-26T14:31:00+00:00","twitter_card":"summary_large_image","twitter_misc":{"Est. reading time":"1 minute"},"schema":{"@context":"https:\/\/schema.org","@graph":[{"@type":"WebPage","@id":"https:\/\/orthoin3d.com\/en\/privacy-policy\/","url":"https:\/\/orthoin3d.com\/en\/privacy-policy\/","name":"Mentions l\u00e9gales | ORTHOiN3D | Future of Orthodontics","isPartOf":{"@id":"https:\/\/orthoin3d.com\/#website"},"datePublished":"2021-01-20T10:10:15+00:00","dateModified":"2021-02-26T14:31:00+00:00","description":"iNLASE | iNPLAN | iNPROCESS | Devenez ind\u00e9pendants dans la conception et la fabrication de vos aligneurs orthodontiques","breadcrumb":{"@id":"https:\/\/orthoin3d.com\/en\/privacy-policy\/#breadcrumb"},"inLanguage":"en-US","potentialAction":[{"@type":"ReadAction","target":["https:\/\/orthoin3d.com\/en\/privacy-policy\/"]}]},{"@type":"BreadcrumbList","@id":"https:\/\/orthoin3d.com\/en\/privacy-policy\/#breadcrumb","itemListElement":[{"@type":"ListItem","position":1,"name":"Accueil","item":"https:\/\/orthoin3d.com\/en\/"},{"@type":"ListItem","position":2,"name":"Mentions l\u00e9gales"}]},{"@type":"WebSite","@id":"https:\/\/orthoin3d.com\/#website","url":"https:\/\/orthoin3d.com\/","name":"Orthoin","description":"Just another WordPress site","publisher":{"@id":"https:\/\/orthoin3d.com\/#organization"},"potentialAction":[{"@type":"SearchAction","target":{"@type":"EntryPoint","urlTemplate":"https:\/\/orthoin3d.com\/?s={search_term_string}"},"query-input":"required name=search_term_string"}],"inLanguage":"en-US"},{"@type":"Organization","@id":"https:\/\/orthoin3d.com\/#organization","name":"ORTHOiN3D | Future of Orthodontics | In-Office Aligners","url":"https:\/\/orthoin3d.com\/","logo":{"@type":"ImageObject","inLanguage":"en-US","@id":"https:\/\/orthoin3d.com\/#\/schema\/logo\/image\/","url":"","contentUrl":"","caption":"ORTHOiN3D | Future of Orthodontics | In-Office Aligners"},"image":{"@id":"https:\/\/orthoin3d.com\/#\/schema\/logo\/image\/"}}]}},"_links":{"self":[{"href":"https:\/\/orthoin3d.com\/en\/wp-json\/wp\/v2\/pages\/1619","targetHints":{"allow":["GET"]}}],"collection":[{"href":"https:\/\/orthoin3d.com\/en\/wp-json\/wp\/v2\/pages"}],"about":[{"href":"https:\/\/orthoin3d.com\/en\/wp-json\/wp\/v2\/types\/page"}],"author":[{"embeddable":true,"href":"https:\/\/orthoin3d.com\/en\/wp-json\/wp\/v2\/users\/1"}],"replies":[{"embeddable":true,"href":"https:\/\/orthoin3d.com\/en\/wp-json\/wp\/v2\/comments?post=1619"}],"version-history":[{"count":0,"href":"https:\/\/orthoin3d.com\/en\/wp-json\/wp\/v2\/pages\/1619\/revisions"}],"wp:attachment":[{"href":"https:\/\/orthoin3d.com\/en\/wp-json\/wp\/v2\/media?parent=1619"}],"curies":[{"name":"wp","href":"https:\/\/api.w.org\/{rel}","templated":true}]}}